{"id":9651,"date":"2025-09-08T11:02:03","date_gmt":"2025-09-08T09:02:03","guid":{"rendered":"https:\/\/unescochair-ghe.org\/?page_id=9651"},"modified":"2025-09-08T17:20:50","modified_gmt":"2025-09-08T15:20:50","slug":"ghana","status":"publish","type":"page","link":"https:\/\/unescochair-ghe.org\/fa\/the-chairs-community\/national-representatives\/ghana\/","title":{"rendered":"Ghana"},"content":{"rendered":"<h3 class=\"wp-block-heading\">Activities in relation to the UNESCO Chair<\/h3>\n\n\n\n<div class=\"wp-block-columns is-layout-flex wp-container-core-columns-is-layout-9d6595d7 wp-block-columns-is-layout-flex\">\n<div class=\"wp-block-column is-layout-flow wp-block-column-is-layout-flow\">\n<p><strong>Professor Elvis Enowbeyang Tarkang<\/strong><\/p>\n\n\n\n<p>I am a Professor of Health Promotion at the University of Health and Allied Sciences (UHAS), Ghana and the University of KwaZulu-Natal, Durban, South Africa, where I have developed and taught several courses in Health Promotion and supervised several students at both the undergraduate and postgraduate levels.<\/p>\n\n\n\n<p>I have been a member of the School of Public Health institutional review since 2015. As a Registered Health Promotion Practitioner (RHPP) and an Assessor for the International Union of Health Promotion and Education, I have done assessment of many international educational institutions during accreditation of their health promotion courses.<\/p>\n<\/div>\n\n\n\n<div class=\"wp-block-column is-layout-flow wp-block-column-is-layout-flow\"><div class=\"wp-block-image\">\n<figure class=\"aligncenter size-full\"><img decoding=\"async\" width=\"196\" height=\"247\" data-src=\"https:\/\/unescochair-ghe.org\/wp-content\/uploads\/2025\/09\/Elvis-Tarkang-1.jpg\" alt=\"\" class=\"wp-image-9652 lazyload\" data-srcset=\"https:\/\/unescochair-ghe.org\/wp-content\/uploads\/2025\/09\/Elvis-Tarkang-1.jpg 196w, https:\/\/unescochair-ghe.org\/wp-content\/uploads\/2025\/09\/Elvis-Tarkang-1-10x12.jpg 10w\" data-sizes=\"(max-width: 196px) 100vw, 196px\" src=\"data:image\/svg+xml;base64,PHN2ZyB3aWR0aD0iMSIgaGVpZ2h0PSIxIiB4bWxucz0iaHR0cDovL3d3dy53My5vcmcvMjAwMC9zdmciPjwvc3ZnPg==\" style=\"--smush-placeholder-width: 196px; --smush-placeholder-aspect-ratio: 196\/247;\" \/><\/figure>\n<\/div><\/div>\n\n\n\n<div class=\"wp-block-column is-layout-flow wp-block-column-is-layout-flow\">\n<p><strong><em>Professeur Elvis Enowbeyang Tarkang<\/em><\/strong><\/p>\n\n\n\n<p><em>Je suis Professeur en promotion de la sant\u00e9 \u00e0 l&#8217;Universit\u00e9 des sciences de la sant\u00e9 et des sciences connexes (UHAS) au Ghana et \u00e0 l&#8217;Universit\u00e9 du KwaZulu-Natal \u00e0 Durban, en Afrique du Sud, o\u00f9 j&#8217;ai con\u00e7u et enseign\u00e9 plusieurs cours en promotion de la sant\u00e9 et encadr\u00e9 de nombreux \u00e9tudiants du premier cycle au troisi\u00e8me cycle.<\/em><\/p>\n\n\n\n<p>Depuis 2015, <em>je suis membre du comit\u00e9 d&#8217;\u00e9valuation institutionnelle de l&#8217;\u00c9cole de sant\u00e9 publique. En tant que praticien agr\u00e9\u00e9 en promotion de la sant\u00e9 (RHPP) et \u00e9valuateur pour l&#8217;Union Internationale de Promotion de la Sant\u00e9 et d&#8217;\u00c9ducation pour la Sant\u00e9 (IUHPE-UIPES), j&#8217;ai r\u00e9alis\u00e9 l&#8217;\u00e9valuation de nombreux \u00e9tablissements d&#8217;enseignement internationaux dans le cadre de l&#8217;accr\u00e9ditation de leurs programmes de promotion de la sant\u00e9.<\/em><\/p>\n<\/div>\n<\/div>\n\n\n\n<div class=\"wp-block-columns is-layout-flex wp-container-core-columns-is-layout-9d6595d7 wp-block-columns-is-layout-flex\">\n<div class=\"wp-block-column is-layout-flow wp-block-column-is-layout-flow\">\n<p>Nationally, I have been doing reviews for the Health Promotion Department of the University of Cape Coast, and was a Member of the technical team of a 3-day residential workshop organised by HPD of GHS to review the Social and Behavior Change (SBC) toolkits and training curriculum (SBC Capacity Assessment Tool, Change Agents Development Program and Set for Change Program) in Koforidua, Ghana from the 6<sup>th<\/sup> to the 8<sup>th<\/sup> of April 2022 and also a member of the final validation meeting towards the final draft of the 2022-2026 Health Promotion Strategy of HPD of GHS organised in Kumasi, Ghana on the 14<sup>th<\/sup> of April 2022.<\/p>\n\n\n\n<p>Internationally, I have been a Consultant with the International Labour Organization on HIV and the World of Work since 2014 and a Consultant with the International AIDS Society. I have been in managerial position for over 20 years now. I am the founder and CEO of a non-Governmental Organization for HIV prevention through Health Promotion Activities (<a href=\"http:\/\/www.hivprec.org\">www.hivprec.org<\/a>).<\/p>\n\n\n\n<p>I have over 140 publications in peer-reviewed journals, and I am a Reviewer\/Editor for many international peer-reviewed journals, having reviewed\/edited over 400 manuscripts. I have presented papers and facilitated at several international conferences.<\/p>\n<\/div>\n\n\n\n<div class=\"wp-block-column is-layout-flow wp-block-column-is-layout-flow\">\n<p><em>Au niveau national, j&#8217;ai r\u00e9alis\u00e9 des \u00e9valuations pour le D\u00e9partement de promotion de la sant\u00e9 de l&#8217;Universit\u00e9 de Cape Coast et j&#8217;ai \u00e9t\u00e9 membre de l&#8217;\u00e9quipe technique d&#8217;un atelier r\u00e9sidentiel de trois jours organis\u00e9 par le HPD du GHS afin d&#8217;\u00e9valuer les outils et le programme de formation sur le changement social et comportemental (SBC) (outil d&#8217;\u00e9valuation des capacit\u00e9s SBC, programme de d\u00e9veloppement des agents de changement et programme Set for Change) qui s&#8217;est tenu \u00e0 Koforidua, au Ghana, du 6 au 8 avril 2022. J&#8217;ai \u00e9galement particip\u00e9 \u00e0 la r\u00e9union finale de validation de la strat\u00e9gie de promotion de la sant\u00e9 2022-2026 du HPD du GHS, organis\u00e9e \u00e0 Kumasi, au Ghana, le 14 avril 2022.<\/em><\/p>\n\n\n\n<p><em>Au niveau international, je suis consultant aupr\u00e8s de l&#8217;Organisation internationale du travail sur le VIH et le monde du travail depuis 2014 et consultant aupr\u00e8s de l\u2019International AIDS Society. J&#8217;occupe des postes de direction depuis plus de 20 ans. Je suis le fondateur et le directeur ex\u00e9cutif d&#8217;une organisation non gouvernementale d\u00e9di\u00e9e \u00e0 la pr\u00e9vention du VIH par des activit\u00e9s de promotion de la sant\u00e9 (www.hivprec.org).<\/em><\/p>\n\n\n\n<p><em>J&#8217;ai publi\u00e9 plus de 140 articles dans des revues \u00e0 comit\u00e9 de lecture et j&#8217;interviens comme relecteur\/r\u00e9dacteur pour de nombreuses revues scientifiques internationales, ayant r\u00e9vis\u00e9 ou \u00e9dit\u00e9 plus de 400 manuscrits. J&#8217;ai pr\u00e9sent\u00e9 des communications et anim\u00e9 des sessions lors de plusieurs conf\u00e9rences internationales.<\/em><\/p>\n<\/div>\n<\/div>\n\n\n\n<div class=\"wp-block-columns is-layout-flex wp-container-core-columns-is-layout-9d6595d7 wp-block-columns-is-layout-flex\">\n<div class=\"wp-block-column is-layout-flow wp-block-column-is-layout-flow\">\n<h3 class=\"wp-block-heading\">Links:<\/h3>\n\n\n\n<p>Researchgate: <a href=\"https:\/\/www.researchgate.net\/profile\/Elvis_Tarkang\">https:\/\/www.researchgate.net\/profile\/Elvis_Tarkang<\/a><\/p>\n\n\n\n<p>Google Scholar: <a href=\"https:\/\/scholar.google.com\/citations?user=eWbhyOgAAAAJ&amp;hl=en&amp;oi=ao\">https:\/\/scholar.google.com\/citations?user=eWbhyOgAAAAJ&amp;hl=en&amp;oi=ao<\/a><\/p>\n\n\n\n<p>Pubmed: <\/p>\n\n\n\n<ul class=\"wp-block-list\">\n<li><a href=\"https:\/\/pubmed.ncbi.nlm.nih.gov\/?term=Elvis+Tarkang\">https:\/\/pubmed.ncbi.nlm.nih.gov\/?term=Elvis+Tarkang <\/a><\/li>\n\n\n\n<li><a href=\"https:\/\/pubmed.ncbi.nlm.nih.gov\/?term=Enowbeyang+Tarkang\">https:\/\/pubmed.ncbi.nlm.nih.gov\/?term=Enowbeyang+Tarkang <\/a><\/li>\n<\/ul>\n\n\n\n<p>Scopus: <a href=\"https:\/\/www.scopus.com\/authid\/detail.uri?authorId=55351474900\">https:\/\/www.scopus.com\/authid\/detail.uri?authorId=55351474900<\/a><\/p>\n\n\n\n<p>Website: <a href=\"http:\/\/www.hivprec.org\">www.hivprec.org<\/a><\/p>\n\n\n\n<figure class=\"wp-block-image size-full\"><img decoding=\"async\" width=\"263\" height=\"87\" data-src=\"https:\/\/unescochair-ghe.org\/wp-content\/uploads\/2025\/09\/Logo-University.png\" alt=\"\" class=\"wp-image-9655 lazyload\" data-srcset=\"https:\/\/unescochair-ghe.org\/wp-content\/uploads\/2025\/09\/Logo-University.png 263w, https:\/\/unescochair-ghe.org\/wp-content\/uploads\/2025\/09\/Logo-University-18x6.png 18w\" data-sizes=\"(max-width: 263px) 100vw, 263px\" src=\"data:image\/svg+xml;base64,PHN2ZyB3aWR0aD0iMSIgaGVpZ2h0PSIxIiB4bWxucz0iaHR0cDovL3d3dy53My5vcmcvMjAwMC9zdmciPjwvc3ZnPg==\" style=\"--smush-placeholder-width: 263px; --smush-placeholder-aspect-ratio: 263\/87;\" \/><\/figure>\n<\/div>\n\n\n\n<div class=\"wp-block-column is-layout-flow wp-block-column-is-layout-flow\">\n<figure class=\"wp-block-image size-large\"><img decoding=\"async\" width=\"1024\" height=\"768\" data-src=\"https:\/\/unescochair-ghe.org\/wp-content\/uploads\/2025\/09\/Prof-Elvis-Tarkang-facilitating-1024x768.png\" alt=\"\" class=\"wp-image-9654 lazyload\" data-srcset=\"https:\/\/unescochair-ghe.org\/wp-content\/uploads\/2025\/09\/Prof-Elvis-Tarkang-facilitating-1024x768.png 1024w, https:\/\/unescochair-ghe.org\/wp-content\/uploads\/2025\/09\/Prof-Elvis-Tarkang-facilitating-300x225.png 300w, https:\/\/unescochair-ghe.org\/wp-content\/uploads\/2025\/09\/Prof-Elvis-Tarkang-facilitating-768x576.png 768w, https:\/\/unescochair-ghe.org\/wp-content\/uploads\/2025\/09\/Prof-Elvis-Tarkang-facilitating-16x12.png 16w, https:\/\/unescochair-ghe.org\/wp-content\/uploads\/2025\/09\/Prof-Elvis-Tarkang-facilitating-400x300.png 400w, https:\/\/unescochair-ghe.org\/wp-content\/uploads\/2025\/09\/Prof-Elvis-Tarkang-facilitating.png 1280w\" data-sizes=\"(max-width: 1024px) 100vw, 1024px\" src=\"data:image\/svg+xml;base64,PHN2ZyB3aWR0aD0iMSIgaGVpZ2h0PSIxIiB4bWxucz0iaHR0cDovL3d3dy53My5vcmcvMjAwMC9zdmciPjwvc3ZnPg==\" style=\"--smush-placeholder-width: 1024px; --smush-placeholder-aspect-ratio: 1024\/768;\" \/><figcaption class=\"wp-element-caption\">Professor Elvis Tarkang facilitating the Change Agent Development Programme organised by USAID<\/figcaption><\/figure>\n\n\n\n<p><em>Le professeur Elvis Tarkang anime le programme de d\u00e9veloppement des agents du changement organis\u00e9 par l&#8217;USAID<\/em><\/p>\n<\/div>\n<\/div>\n\n\n\n<p><\/p>\n\n\n\n<p><\/p>\n\n\n\n<p><\/p>","protected":false},"excerpt":{"rendered":"<p>Activities in relation to the UNESCO Chair Professor Elvis Enowbeyang Tarkang I am a Professor of Health Promotion at the University of Health and Allied Sciences (UHAS), Ghana and the &hellip;<\/p>","protected":false},"author":3,"featured_media":0,"parent":4354,"menu_order":0,"comment_status":"closed","ping_status":"closed","template":"","meta":{"footnotes":"","_links_to":"","_links_to_target":""},"class_list":["post-9651","page","type-page","status-publish","hentry"],"_links":{"self":[{"href":"https:\/\/unescochair-ghe.org\/fa\/wp-json\/wp\/v2\/pages\/9651","targetHints":{"allow":["GET"]}}],"collection":[{"href":"https:\/\/unescochair-ghe.org\/fa\/wp-json\/wp\/v2\/pages"}],"about":[{"href":"https:\/\/unescochair-ghe.org\/fa\/wp-json\/wp\/v2\/types\/page"}],"author":[{"embeddable":true,"href":"https:\/\/unescochair-ghe.org\/fa\/wp-json\/wp\/v2\/users\/3"}],"replies":[{"embeddable":true,"href":"https:\/\/unescochair-ghe.org\/fa\/wp-json\/wp\/v2\/comments?post=9651"}],"version-history":[{"count":7,"href":"https:\/\/unescochair-ghe.org\/fa\/wp-json\/wp\/v2\/pages\/9651\/revisions"}],"predecessor-version":[{"id":9676,"href":"https:\/\/unescochair-ghe.org\/fa\/wp-json\/wp\/v2\/pages\/9651\/revisions\/9676"}],"up":[{"embeddable":true,"href":"https:\/\/unescochair-ghe.org\/fa\/wp-json\/wp\/v2\/pages\/4354"}],"wp:attachment":[{"href":"https:\/\/unescochair-ghe.org\/fa\/wp-json\/wp\/v2\/media?parent=9651"}],"curies":[{"name":"wp","href":"https:\/\/api.w.org\/{rel}","templated":true}]}}