{"id":8467,"date":"2024-11-18T15:01:31","date_gmt":"2024-11-18T14:01:31","guid":{"rendered":"https:\/\/unescochair-ghe.org\/?page_id=8467"},"modified":"2026-04-09T12:21:03","modified_gmt":"2026-04-09T10:21:03","slug":"a-invisibilizacao-da-educacao-no-campo-da-saude-e-como-ela-pode-ser-revitalizada-recuperando-tambem-as-experiencias-e-producoes-latino-americanas","status":"publish","type":"page","link":"https:\/\/unescochair-ghe.org\/fa\/a-invisibilizacao-da-educacao-no-campo-da-saude-e-como-ela-pode-ser-revitalizada-recuperando-tambem-as-experiencias-e-producoes-latino-americanas\/","title":{"rendered":"26 de novembro 2024 &#8211; A invisibiliza\u00e7\u00e3o da educa\u00e7\u00e3o no campo da sa\u00fade e como ela pode ser revitalizada, recuperando tamb\u00e9m as experi\u00eancias e produ\u00e7\u00f5es latino-americanas."},"content":{"rendered":"<p>Informaci\u00f3n\u00a0en <a href=\"https:\/\/unescochair-ghe.org\/fa\/26-noviembre-2024-la-invisibilizacion-de-la-educacion-en-el-campo-de-la-salud-y-como-se-puede-realizar-su-revitalizacion-recuperando-tambien-las-experiencias-y-producciones-latinoamericanas\/\">espa\u00f1ol<\/a>, Information in <a href=\"https:\/\/unescochair-ghe.org\/fa\/26-november-2024-the-invisibilization-of-health-education-and-how-it-can-be-revitalized-also-recovering-latin-american-experiences-and-productions\/\">English<\/a>.<\/p>\n\n\n\n<hr class=\"wp-block-separator has-alpha-channel-opacity is-style-wide\" \/>\n\n\n\n<h3 class=\"wp-block-heading\">Oradores<\/h3>\n\n\n\n<div class=\"wp-block-columns is-layout-flex wp-container-core-columns-is-layout-9d6595d7 wp-block-columns-is-layout-flex\">\n<div class=\"wp-block-column is-vertically-aligned-center is-layout-flow wp-block-column-is-layout-flow\" style=\"flex-basis:33.33%\"><div class=\"wp-block-image is-style-rounded\">\n<figure class=\"aligncenter size-full is-resized\"><img decoding=\"async\" width=\"234\" height=\"238\" data-src=\"https:\/\/unescochair-ghe.org\/wp-content\/uploads\/2024\/11\/Foto_Fernando-edited.png\" alt=\"\" class=\"wp-image-8454 lazyload\" style=\"--smush-placeholder-width: 234px; --smush-placeholder-aspect-ratio: 234\/238;object-fit:cover;width:225px;height:225px\" data-srcset=\"https:\/\/unescochair-ghe.org\/wp-content\/uploads\/2024\/11\/Foto_Fernando-edited.png 234w, https:\/\/unescochair-ghe.org\/wp-content\/uploads\/2024\/11\/Foto_Fernando-edited-12x12.png 12w\" data-sizes=\"(max-width: 234px) 100vw, 234px\" src=\"data:image\/svg+xml;base64,PHN2ZyB3aWR0aD0iMSIgaGVpZ2h0PSIxIiB4bWxucz0iaHR0cDovL3d3dy53My5vcmcvMjAwMC9zdmciPjwvc3ZnPg==\" \/><\/figure>\n<\/div><\/div>\n\n\n\n<div class=\"wp-block-column is-vertically-aligned-center is-layout-flow wp-block-column-is-layout-flow\" style=\"flex-basis:66.66%\">\n<h4 class=\"wp-block-heading\">Moderador<\/h4>\n\n\n\n<p><strong>Prof. Dr. Fernando Pe\u00f1aranda Correa<\/strong>,&nbsp;Professor e pesquisador em Promo\u00e7\u00e3o da Sa\u00fade e Educa\u00e7\u00e3o em Sa\u00fade. Diretor, Departamento de Ci\u00eancias Sociais, Diretor, Centro Colaborador da Organiza\u00e7\u00e3o Mundial da Sa\u00fade (OMS\/OPAS) para Treinamento e Pesquisa em Promo\u00e7\u00e3o da Sa\u00fade e Educa\u00e7\u00e3o em Sa\u00fade, Escola de Ci\u00eancias Biosociais e Escola de P\u00f3s-Gradua\u00e7\u00e3o em Sa\u00fade P\u00fablica, Campus de Ci\u00eancias M\u00e9dicas da Universidade de Porto Rico, Universidade de Porto Rico.<\/p>\n<\/div>\n<\/div>\n\n\n\n<div class=\"wp-block-columns is-layout-flex wp-container-core-columns-is-layout-9d6595d7 wp-block-columns-is-layout-flex\">\n<div class=\"wp-block-column is-vertically-aligned-center is-layout-flow wp-block-column-is-layout-flow\" style=\"flex-basis:33.33%\"><div class=\"wp-block-image is-style-rounded\">\n<figure class=\"aligncenter size-full is-resized\"><img decoding=\"async\" width=\"515\" height=\"519\" data-src=\"https:\/\/unescochair-ghe.org\/wp-content\/uploads\/2024\/11\/Pilar.jpg\" alt=\"\" class=\"wp-image-8475 lazyload\" style=\"--smush-placeholder-width: 515px; --smush-placeholder-aspect-ratio: 515\/519;object-fit:cover;width:225px;height:225px\" data-srcset=\"https:\/\/unescochair-ghe.org\/wp-content\/uploads\/2024\/11\/Pilar.jpg 515w, https:\/\/unescochair-ghe.org\/wp-content\/uploads\/2024\/11\/Pilar-298x300.jpg 298w, https:\/\/unescochair-ghe.org\/wp-content\/uploads\/2024\/11\/Pilar-150x150.jpg 150w, https:\/\/unescochair-ghe.org\/wp-content\/uploads\/2024\/11\/Pilar-12x12.jpg 12w\" data-sizes=\"(max-width: 515px) 100vw, 515px\" src=\"data:image\/svg+xml;base64,PHN2ZyB3aWR0aD0iMSIgaGVpZ2h0PSIxIiB4bWxucz0iaHR0cDovL3d3dy53My5vcmcvMjAwMC9zdmciPjwvc3ZnPg==\" \/><\/figure>\n<\/div><\/div>\n\n\n\n<div class=\"wp-block-column is-vertically-aligned-center is-layout-flow wp-block-column-is-layout-flow\" style=\"flex-basis:66.66%\">\n<p><strong>Dra. Pilar Campos<\/strong> \u00e9 Assessora Regional de Promo\u00e7\u00e3o da Sa\u00fade na Organiza\u00e7\u00e3o Pan-Americana da Sa\u00fade (OPAS), Departamento de Fam\u00edlia, Promo\u00e7\u00e3o da Sa\u00fade e Curso de Vida, Unidade de Promo\u00e7\u00e3o da Sa\u00fade e Determinantes Sociais, Washington.<\/p>\n<\/div>\n<\/div>\n\n\n\n<div class=\"wp-block-columns is-layout-flex wp-container-core-columns-is-layout-9d6595d7 wp-block-columns-is-layout-flex\">\n<div class=\"wp-block-column is-vertically-aligned-center is-layout-flow wp-block-column-is-layout-flow\" style=\"flex-basis:33.33%\"><div class=\"wp-block-image is-style-rounded\">\n<figure class=\"aligncenter size-large is-resized\"><img decoding=\"async\" width=\"2014\" height=\"2014\" data-src=\"https:\/\/unescochair-ghe.org\/wp-content\/uploads\/2024\/11\/583DC931-41BD-4608-85BF-FC433CB12E71_1_201_a-edited-1.jpg\" alt=\"\" class=\"wp-image-8452 lazyload\" style=\"--smush-placeholder-width: 2014px; --smush-placeholder-aspect-ratio: 2014\/2014;object-fit:cover;width:225px;height:225px\" data-srcset=\"https:\/\/unescochair-ghe.org\/wp-content\/uploads\/2024\/11\/583DC931-41BD-4608-85BF-FC433CB12E71_1_201_a-edited-1.jpg 2014w, https:\/\/unescochair-ghe.org\/wp-content\/uploads\/2024\/11\/583DC931-41BD-4608-85BF-FC433CB12E71_1_201_a-edited-1-300x300.jpg 300w, https:\/\/unescochair-ghe.org\/wp-content\/uploads\/2024\/11\/583DC931-41BD-4608-85BF-FC433CB12E71_1_201_a-edited-1-1024x1024.jpg 1024w, https:\/\/unescochair-ghe.org\/wp-content\/uploads\/2024\/11\/583DC931-41BD-4608-85BF-FC433CB12E71_1_201_a-edited-1-150x150.jpg 150w, https:\/\/unescochair-ghe.org\/wp-content\/uploads\/2024\/11\/583DC931-41BD-4608-85BF-FC433CB12E71_1_201_a-edited-1-768x768.jpg 768w, https:\/\/unescochair-ghe.org\/wp-content\/uploads\/2024\/11\/583DC931-41BD-4608-85BF-FC433CB12E71_1_201_a-edited-1-1536x1536.jpg 1536w, https:\/\/unescochair-ghe.org\/wp-content\/uploads\/2024\/11\/583DC931-41BD-4608-85BF-FC433CB12E71_1_201_a-edited-1-12x12.jpg 12w, https:\/\/unescochair-ghe.org\/wp-content\/uploads\/2024\/11\/583DC931-41BD-4608-85BF-FC433CB12E71_1_201_a-edited-1-1920x1920.jpg 1920w, https:\/\/unescochair-ghe.org\/wp-content\/uploads\/2024\/11\/583DC931-41BD-4608-85BF-FC433CB12E71_1_201_a-edited-1-512x512.jpg 512w\" data-sizes=\"(max-width: 2014px) 100vw, 2014px\" src=\"data:image\/svg+xml;base64,PHN2ZyB3aWR0aD0iMSIgaGVpZ2h0PSIxIiB4bWxucz0iaHR0cDovL3d3dy53My5vcmcvMjAwMC9zdmciPjwvc3ZnPg==\" \/><\/figure>\n<\/div><\/div>\n\n\n\n<div class=\"wp-block-column is-vertically-aligned-center is-layout-flow wp-block-column-is-layout-flow\" style=\"flex-basis:66.66%\">\n<p><strong>Dra. Aurin\u00e9s Torres S\u00e1nchez<\/strong> \u00e9 educadora popular, educadora em sa\u00fade p\u00fablica e doutora em educa\u00e7\u00e3o com mais de 30 anos de experi\u00eancia em programas de sa\u00fade comunit\u00e1ria com popula\u00e7\u00f5es vulner\u00e1veis. Seu trabalho \u00e9 caracterizado pela explora\u00e7\u00e3o e pr\u00e1tica de fundamentos te\u00f3ricos e pr\u00e1ticos para metodologias e curr\u00edculos libertadores e descolonizadores, e pela promo\u00e7\u00e3o de abordagens transdisciplinares inspiradas no Buen Vivir. Sua pr\u00e1tica comunit\u00e1ria e acad\u00eamica na descoloniza\u00e7\u00e3o da sa\u00fade p\u00fablica visa a alcan\u00e7ar a sa\u00fade coletiva com dignidade para todos, orientada pela defesa dos direitos humanos e da justi\u00e7a social, racial e de g\u00eanero. Entre suas diversas contribui\u00e7\u00f5es, ela cocriou o primeiro Modelo Boricua para o Treinamento de Promotores de Sa\u00fade Comunit\u00e1ria que usa a Educa\u00e7\u00e3o Popular para promover o desenvolvimento e o empoderamento da comunidade em dire\u00e7\u00e3o a uma sa\u00fade coletiva digna e decolonial. Em 2019, fundou a &#8216;Aula Comunitaria PR&#8217;, que oferece acompanhamento formativo e investigativo em sa\u00fade decolonial a indiv\u00edduos e grupos que assumem lideran\u00e7a comunit\u00e1ria no arquip\u00e9lago de Porto Rico. Aurin\u00e9s \u00e9 professora universit\u00e1ria de cursos de sa\u00fade p\u00fablica, educa\u00e7\u00e3o popular em sa\u00fade, sa\u00fade comunit\u00e1ria, pesquisa de a\u00e7\u00e3o participativa e desenho curricular na Universidade de Porto Rico, Ci\u00eancias M\u00e9dicas, campi de Cayey e R\u00edo Piedras. Atualmente, ela \u00e9 presidente do Conselho de Administra\u00e7\u00e3o da La Colmena Cimarrona em Vieques e membro do Puerto Rico Agroecology Trust. A Dra. Torres S\u00e1nchez apresentou seu trabalho em confer\u00eancias cient\u00edficas e reuni\u00f5es comunit\u00e1rias na comunidade local e internacional e participa de movimentos de justi\u00e7a social na Am\u00e9rica Latina, em Porto Rico e nos EUA.<\/p>\n<\/div>\n<\/div>\n\n\n\n<div class=\"wp-block-columns is-layout-flex wp-container-core-columns-is-layout-9d6595d7 wp-block-columns-is-layout-flex\">\n<div class=\"wp-block-column is-vertically-aligned-center is-layout-flow wp-block-column-is-layout-flow\" style=\"flex-basis:33.33%\"><div class=\"wp-block-image is-style-rounded\">\n<figure class=\"aligncenter size-large is-resized\"><img decoding=\"async\" width=\"1981\" height=\"1980\" data-src=\"https:\/\/unescochair-ghe.org\/wp-content\/uploads\/2024\/11\/DORA-CARDACI-FOTO-edited-1.jpg\" alt=\"\" class=\"wp-image-8449 lazyload\" style=\"--smush-placeholder-width: 1981px; --smush-placeholder-aspect-ratio: 1981\/1980;object-fit:cover;width:225px;height:225px\" data-srcset=\"https:\/\/unescochair-ghe.org\/wp-content\/uploads\/2024\/11\/DORA-CARDACI-FOTO-edited-1.jpg 1981w, https:\/\/unescochair-ghe.org\/wp-content\/uploads\/2024\/11\/DORA-CARDACI-FOTO-edited-1-300x300.jpg 300w, https:\/\/unescochair-ghe.org\/wp-content\/uploads\/2024\/11\/DORA-CARDACI-FOTO-edited-1-1024x1024.jpg 1024w, https:\/\/unescochair-ghe.org\/wp-content\/uploads\/2024\/11\/DORA-CARDACI-FOTO-edited-1-150x150.jpg 150w, https:\/\/unescochair-ghe.org\/wp-content\/uploads\/2024\/11\/DORA-CARDACI-FOTO-edited-1-768x768.jpg 768w, https:\/\/unescochair-ghe.org\/wp-content\/uploads\/2024\/11\/DORA-CARDACI-FOTO-edited-1-1536x1536.jpg 1536w, https:\/\/unescochair-ghe.org\/wp-content\/uploads\/2024\/11\/DORA-CARDACI-FOTO-edited-1-12x12.jpg 12w, https:\/\/unescochair-ghe.org\/wp-content\/uploads\/2024\/11\/DORA-CARDACI-FOTO-edited-1-1920x1919.jpg 1920w, https:\/\/unescochair-ghe.org\/wp-content\/uploads\/2024\/11\/DORA-CARDACI-FOTO-edited-1-512x512.jpg 512w\" data-sizes=\"(max-width: 1981px) 100vw, 1981px\" src=\"data:image\/svg+xml;base64,PHN2ZyB3aWR0aD0iMSIgaGVpZ2h0PSIxIiB4bWxucz0iaHR0cDovL3d3dy53My5vcmcvMjAwMC9zdmciPjwvc3ZnPg==\" \/><\/figure>\n<\/div><\/div>\n\n\n\n<div class=\"wp-block-column is-vertically-aligned-center is-layout-flow wp-block-column-is-layout-flow\" style=\"flex-basis:66.66%\">\n<p><strong>Dra. Dora Irma Cardaci Rodr\u00edguez<\/strong> formou-se na Faculdade de Filosofia e Letras da Universidade de Buenos Aires, Argentina, no Mestrado em Medicina Social da Universidade Aut\u00f4noma Metropolitana-Xochimilco e no Doutorado em Antropologia, Antropologia M\u00e9dica, Escola Nacional de Antropologia e Hist\u00f3ria, M\u00e9xico. Atualmente, \u00e9 professora-pesquisadora em tempo integral no Departamento de Sa\u00fade da Universidad Aut\u00f3noma Metropolitana Xochimilco, M\u00e9xico. Ela foi nomeada Pesquisadora Nacional N\u00edvel 2 pelo Sistema Nacional de Pesquisadores. Em 2007, foi eleita Vice-Presidente para a Am\u00e9rica Latina da Uni\u00e3o Internacional de Promo\u00e7\u00e3o e Educa\u00e7\u00e3o em Sa\u00fade (IUHPE), cargo que ocupou at\u00e9 2010. Foi editora adjunta da revista Global Health Promotion e membro do Conselho Editorial da Review of Health Promotion and Education on Line. Atuou como consultora tempor\u00e1ria do UNICEF, OPAS, UNESCO e UNFPA em educa\u00e7\u00e3o e promo\u00e7\u00e3o da sa\u00fade, educa\u00e7\u00e3o m\u00e9dica e sa\u00fade e g\u00eanero.<\/p>\n<\/div>\n<\/div>\n\n\n\n<hr class=\"wp-block-separator has-alpha-channel-opacity is-style-wide\" \/>\n\n\n\n<h3 class=\"wp-block-heading\">Resumo<\/h3>\n\n\n\n<p>As perguntas que ser\u00e3o abordadas durante o webinar s\u00e3o:<\/p>\n\n\n\n<ol class=\"wp-block-list\">\n<li>Qual \u00e9 a relev\u00e2ncia e o papel que a educa\u00e7\u00e3o em sa\u00fade tem recebido nos sistemas de sa\u00fade, na academia e nas a\u00e7\u00f5es da sociedade civil\/comunidade?<\/li>\n\n\n\n<li>Que a\u00e7\u00f5es est\u00e3o sendo realizadas no n\u00edvel dos sistemas de sa\u00fade, da academia e da sociedade civil\/comunidade para revitalizar a educa\u00e7\u00e3o em sa\u00fade?<\/li>\n<\/ol>\n\n\n\n<hr class=\"wp-block-separator has-alpha-channel-opacity is-style-wide\" \/>\n\n\n\n<h3 class=\"wp-block-heading\">Contribui\u00e7\u00e3o de nossos oradores<\/h3>\n\n\n\n<p>A grava\u00e7\u00e3o do webinar:<\/p>\n\n\n\n<div class=\"wp-block-columns is-layout-flex wp-container-core-columns-is-layout-9d6595d7 wp-block-columns-is-layout-flex\">\n<div class=\"wp-block-column is-layout-flow wp-block-column-is-layout-flow\" style=\"flex-basis:33.33%\">\n<figure class=\"wp-block-embed is-type-video is-provider-youtube wp-block-embed-youtube wp-embed-aspect-16-9 wp-has-aspect-ratio\"><div class=\"wp-block-embed__wrapper\">\n<iframe title=\"Webinario: La invisibilizaci\u00f3n de la educaci\u00f3n en el campo de la salud\" width=\"1233\" height=\"694\" data-src=\"https:\/\/www.youtube.com\/embed\/457x7kyvXKI?feature=oembed\" frameborder=\"0\" allow=\"accelerometer; autoplay; clipboard-write; encrypted-media; gyroscope; picture-in-picture; web-share\" referrerpolicy=\"strict-origin-when-cross-origin\" allowfullscreen src=\"data:image\/svg+xml;base64,PHN2ZyB3aWR0aD0iMSIgaGVpZ2h0PSIxIiB4bWxucz0iaHR0cDovL3d3dy53My5vcmcvMjAwMC9zdmciPjwvc3ZnPg==\" class=\"lazyload\" data-load-mode=\"1\"><\/iframe>\n<\/div><\/figure>\n<\/div>\n\n\n\n<div class=\"wp-block-column is-layout-flow wp-block-column-is-layout-flow\" style=\"flex-basis:66.66%\"><\/div>\n<\/div>\n\n\n\n<div class=\"wp-block-columns is-layout-flex wp-container-core-columns-is-layout-9d6595d7 wp-block-columns-is-layout-flex\">\n<div class=\"wp-block-column is-layout-flow wp-block-column-is-layout-flow\" style=\"flex-basis:33.33%\">\n<figure class=\"wp-block-image size-large\"><img decoding=\"async\" width=\"1024\" height=\"576\" data-src=\"https:\/\/unescochair-ghe.org\/wp-content\/uploads\/2024\/11\/Educacion-en-el-campo-de-la-salud.-Webinario-26-nov-2024-1024x576.jpg\" alt=\"\" class=\"wp-image-8535 lazyload\" data-srcset=\"https:\/\/unescochair-ghe.org\/wp-content\/uploads\/2024\/11\/Educacion-en-el-campo-de-la-salud.-Webinario-26-nov-2024-1024x576.jpg 1024w, https:\/\/unescochair-ghe.org\/wp-content\/uploads\/2024\/11\/Educacion-en-el-campo-de-la-salud.-Webinario-26-nov-2024-300x169.jpg 300w, https:\/\/unescochair-ghe.org\/wp-content\/uploads\/2024\/11\/Educacion-en-el-campo-de-la-salud.-Webinario-26-nov-2024-768x432.jpg 768w, https:\/\/unescochair-ghe.org\/wp-content\/uploads\/2024\/11\/Educacion-en-el-campo-de-la-salud.-Webinario-26-nov-2024-18x10.jpg 18w, https:\/\/unescochair-ghe.org\/wp-content\/uploads\/2024\/11\/Educacion-en-el-campo-de-la-salud.-Webinario-26-nov-2024-494x278.jpg 494w, https:\/\/unescochair-ghe.org\/wp-content\/uploads\/2024\/11\/Educacion-en-el-campo-de-la-salud.-Webinario-26-nov-2024.jpg 1280w\" data-sizes=\"(max-width: 1024px) 100vw, 1024px\" src=\"data:image\/svg+xml;base64,PHN2ZyB3aWR0aD0iMSIgaGVpZ2h0PSIxIiB4bWxucz0iaHR0cDovL3d3dy53My5vcmcvMjAwMC9zdmciPjwvc3ZnPg==\" style=\"--smush-placeholder-width: 1024px; --smush-placeholder-aspect-ratio: 1024\/576;\" \/><\/figure>\n<\/div>\n\n\n\n<div class=\"wp-block-column is-layout-flow wp-block-column-is-layout-flow\" style=\"flex-basis:66.66%\">\n<p><a href=\"https:\/\/unescochair-ghe.org\/wp-content\/uploads\/2024\/12\/Presentation-Pilar-Campos-26-November-2024.pdf\" target=\"_blank\" rel=\"noreferrer noopener\">Fa\u00e7a o download da apresenta\u00e7\u00e3o da Dra. Pilar Campos<\/a><\/p>\n<\/div>\n<\/div>\n\n\n\n<hr class=\"wp-block-separator has-alpha-channel-opacity is-style-wide\" \/>\n\n\n\n<h3 class=\"wp-block-heading\">Rede Latino-Americana para a Revitaliza\u00e7\u00e3o da Educa\u00e7\u00e3o em Sa\u00fade<\/h3>\n\n\n\n<p>Este webinar faz parte do \u201cRede Latino-Americana para a Revitaliza\u00e7\u00e3o da Educa\u00e7\u00e3o em Sa\u00fade\u201d. Esta iniciativa \u00e9 proposta com a participa\u00e7\u00e3o da C\u00e1tedra UNESCO em Educa\u00e7\u00e3o na Sa\u00fade, do Cons\u00f3rcio Interamericano de Universidades e Centros de Forma\u00e7\u00e3o para a Educa\u00e7\u00e3o em Sa\u00fade e Promo\u00e7\u00e3o da Sa\u00fade (CIUEPS), da Rede Brasileira de Educa\u00e7\u00e3o Popular em Sa\u00fade, da Rede Colombiana de Educa\u00e7\u00e3o no campo da Sa\u00fade e do Escrit\u00f3rio Regional para a Am\u00e9rica Latina da Uni\u00e3o Internacional de Promo\u00e7\u00e3o da Sa\u00fade e Educa\u00e7\u00e3o em Sa\u00fade (UIPES\/ORLA). Os seguintes objetivos foram definidos:<\/p>\n\n\n\n<ul class=\"wp-block-list\">\n<li>Promover a Educa\u00e7\u00e3o no campo da Sa\u00fade (EPS \u2013 EdPopS) a n\u00edvel nacional e internacional, como uma dimens\u00e3o fundamental das disciplinas da sa\u00fade, das ci\u00eancias da educa\u00e7\u00e3o e das ci\u00eancias sociais e humanas.<\/li>\n\n\n\n<li>Recuperar a produ\u00e7\u00e3o latino-americana e posicion\u00e1-la no \u00e2mbito regional, o que implica promover suas apostas cr\u00edticas e decoloniais. Uma ECS (EpS \u2013 EdPopS) que defenda a transforma\u00e7\u00e3o social para uma sociedade mais justa e equitativa que garanta o bem-estar e uma vida digna.<\/li>\n\n\n\n<li>Promover a articula\u00e7\u00e3o dos sectores da educa\u00e7\u00e3o e da sa\u00fade para fortalecer as ac\u00e7\u00f5es de cada um destes sectores na promo\u00e7\u00e3o da ECS (EPA \u2013 EoHPpS), reconhecendo a educa\u00e7\u00e3o e a sa\u00fade como dois direitos humanos inalien\u00e1veis, sin\u00e9rgicos e interdependentes.<\/li>\n\n\n\n<li>Fortalecer os fundamentos te\u00f3ricos, pol\u00edticos e \u00e9ticos da ECS (EPS \u2013 EdPopS) como requisito para uma pr\u00e1xis pedag\u00f3gica respons\u00e1vel, produtiva e \u00e9tica.<\/li>\n\n\n\n<li>Gerar um espa\u00e7o de articula\u00e7\u00e3o da academia e da sociedade civil que permita a integra\u00e7\u00e3o latino-americana para partilhar experi\u00eancias, conhecimentos e aspira\u00e7\u00f5es num prop\u00f3sito coletivo.<\/li>\n\n\n\n<li>Promover a integra\u00e7\u00e3o nacional e internacional em mat\u00e9ria de ECS (EPS \u2013 EdPopS) como espa\u00e7o de aprendizagem m\u00fatua e solid\u00e1ria, e facilitar ac\u00e7\u00f5es de coopera\u00e7\u00e3o no desenvolvimento de eventos acad\u00e9mico-cient\u00edficos, processos de investiga\u00e7\u00e3o e forma\u00e7\u00e3o.<\/li>\n<\/ul>\n\n\n\n<p>Os webinars, abertos a todas as partes interessadas, fazem parte do programa. S\u00e3o sess\u00f5es vivenciais, com uma dura\u00e7\u00e3o de 60 a 90 minutos, em que os oradores convidados apresentam suas reflex\u00f5es sobre duas ou tr\u00eas quest\u00f5es problem\u00e1ticas para incentivar a participa\u00e7\u00e3o do p\u00fablico. Foram programados cinco webinars para esta primeira fase do programa, com um intervalo de 2 meses entre cada um deles.<\/p>\n\n\n\n<p>Assista \u00e0s grava\u00e7\u00f5es dos webinars anteriores:<\/p>\n\n\n\n<ul class=\"wp-block-list\">\n<li><a href=\"https:\/\/unescochair-ghe.org\/fa\/17-de-setembro-2024-webinar-debates-teoricos-e-politicos-sobre-educacao-no-campo-da-saude-eps-e-edpops-na-america-latina\/\">17 de setembro 2024 \u2013 Debates te\u00f3ricos e pol\u00edticos sobre Educa\u00e7\u00e3o no campo da Sa\u00fade (EPS e EdPopS) na Am\u00e9rica Latina<\/a><\/li>\n<\/ul>\n\n\n\n<hr class=\"wp-block-separator has-alpha-channel-opacity is-style-wide\" \/>\n\n\n\n<figure class=\"wp-block-image size-large\"><img decoding=\"async\" width=\"1024\" height=\"536\" data-src=\"https:\/\/unescochair-ghe.org\/wp-content\/uploads\/2024\/11\/PT-A-invisibilizacao-da-educacao-no-campo-da-saude-e-como-ela-pode-ser-revitalizada-recuperando-tambem-as-experiencias-e-producoes-lat-am-1024x536.png\" alt=\"\" class=\"wp-image-8509 lazyload\" data-srcset=\"https:\/\/unescochair-ghe.org\/wp-content\/uploads\/2024\/11\/PT-A-invisibilizacao-da-educacao-no-campo-da-saude-e-como-ela-pode-ser-revitalizada-recuperando-tambem-as-experiencias-e-producoes-lat-am-1024x536.png 1024w, https:\/\/unescochair-ghe.org\/wp-content\/uploads\/2024\/11\/PT-A-invisibilizacao-da-educacao-no-campo-da-saude-e-como-ela-pode-ser-revitalizada-recuperando-tambem-as-experiencias-e-producoes-lat-am-300x157.png 300w, https:\/\/unescochair-ghe.org\/wp-content\/uploads\/2024\/11\/PT-A-invisibilizacao-da-educacao-no-campo-da-saude-e-como-ela-pode-ser-revitalizada-recuperando-tambem-as-experiencias-e-producoes-lat-am-768x402.png 768w, https:\/\/unescochair-ghe.org\/wp-content\/uploads\/2024\/11\/PT-A-invisibilizacao-da-educacao-no-campo-da-saude-e-como-ela-pode-ser-revitalizada-recuperando-tambem-as-experiencias-e-producoes-lat-am-18x9.png 18w, https:\/\/unescochair-ghe.org\/wp-content\/uploads\/2024\/11\/PT-A-invisibilizacao-da-educacao-no-campo-da-saude-e-como-ela-pode-ser-revitalizada-recuperando-tambem-as-experiencias-e-producoes-lat-am-494x259.png 494w, https:\/\/unescochair-ghe.org\/wp-content\/uploads\/2024\/11\/PT-A-invisibilizacao-da-educacao-no-campo-da-saude-e-como-ela-pode-ser-revitalizada-recuperando-tambem-as-experiencias-e-producoes-lat-am.png 1200w\" data-sizes=\"(max-width: 1024px) 100vw, 1024px\" src=\"data:image\/svg+xml;base64,PHN2ZyB3aWR0aD0iMSIgaGVpZ2h0PSIxIiB4bWxucz0iaHR0cDovL3d3dy53My5vcmcvMjAwMC9zdmciPjwvc3ZnPg==\" style=\"--smush-placeholder-width: 1024px; --smush-placeholder-aspect-ratio: 1024\/536;\" \/><\/figure>","protected":false},"excerpt":{"rendered":"<p>Informaci\u00f3n\u00a0en espa\u00f1ol, Information in English. Oradores Moderador Prof. Dr. Fernando Pe\u00f1aranda Correa,&nbsp;Professor e pesquisador em Promo\u00e7\u00e3o da Sa\u00fade e Educa\u00e7\u00e3o em Sa\u00fade. Diretor, Departamento de Ci\u00eancias Sociais, Diretor, Centro Colaborador &hellip;<\/p>","protected":false},"author":3,"featured_media":8509,"parent":0,"menu_order":0,"comment_status":"closed","ping_status":"closed","template":"","meta":{"footnotes":"","_links_to":"","_links_to_target":""},"class_list":["post-8467","page","type-page","status-publish","has-post-thumbnail","hentry"],"_links":{"self":[{"href":"https:\/\/unescochair-ghe.org\/fa\/wp-json\/wp\/v2\/pages\/8467","targetHints":{"allow":["GET"]}}],"collection":[{"href":"https:\/\/unescochair-ghe.org\/fa\/wp-json\/wp\/v2\/pages"}],"about":[{"href":"https:\/\/unescochair-ghe.org\/fa\/wp-json\/wp\/v2\/types\/page"}],"author":[{"embeddable":true,"href":"https:\/\/unescochair-ghe.org\/fa\/wp-json\/wp\/v2\/users\/3"}],"replies":[{"embeddable":true,"href":"https:\/\/unescochair-ghe.org\/fa\/wp-json\/wp\/v2\/comments?post=8467"}],"version-history":[{"count":11,"href":"https:\/\/unescochair-ghe.org\/fa\/wp-json\/wp\/v2\/pages\/8467\/revisions"}],"predecessor-version":[{"id":10208,"href":"https:\/\/unescochair-ghe.org\/fa\/wp-json\/wp\/v2\/pages\/8467\/revisions\/10208"}],"wp:featuredmedia":[{"embeddable":true,"href":"https:\/\/unescochair-ghe.org\/fa\/wp-json\/wp\/v2\/media\/8509"}],"wp:attachment":[{"href":"https:\/\/unescochair-ghe.org\/fa\/wp-json\/wp\/v2\/media?parent=8467"}],"curies":[{"name":"wp","href":"https:\/\/api.w.org\/{rel}","templated":true}]}}