{"id":4893,"date":"2022-01-20T10:17:41","date_gmt":"2022-01-20T09:17:41","guid":{"rendered":"https:\/\/unescochair-ghe.org\/?page_id=4893"},"modified":"2022-01-20T10:17:42","modified_gmt":"2022-01-20T09:17:42","slug":"norway","status":"publish","type":"page","link":"https:\/\/unescochair-ghe.org\/fa\/the-chairs-community\/national-representatives\/norway\/","title":{"rendered":"Norway"},"content":{"rendered":"<h3 class=\"wp-block-heading\">National \/ Territorial Representative of the UNESCO Chair<\/h3>\n\n\n\n<div class=\"wp-block-columns is-layout-flex wp-container-core-columns-is-layout-9d6595d7 wp-block-columns-is-layout-flex\">\n<div class=\"wp-block-column is-layout-flow wp-block-column-is-layout-flow\">\n<p>As a Norwegian representant, Unni Karin Moksnes, is part of the <a rel=\"noreferrer noopener\" href=\"https:\/\/www.ntnu.edu\/chpr\/center-for-health-promotion-research\" target=\"_blank\">NTNU Center for health promotion research<\/a> which aims to contribute to high quality research and to provide for educational programs to improve the practitioners&#8217; understanding of health maintenance and health development. The main activity of the center is basic health promotion and positive health research. Learning and development is an area given priority at NTNU Center for Health Promotion Research Research. Master and PhD students work together with researchers to study factors that contribute to present and future health and well-being among children and adolescents.<\/p>\n\n\n\n<p>Unni Karin Moksnes is also part of the research group <a rel=\"noreferrer noopener\" href=\"https:\/\/www.ntnu.edu\/ism\/childrens-health#\/view\/publications\" target=\"_blank\">Children and young people\u2019s health and welfare<\/a>. The research group is particularly concerned with health prevention and health promotion, as well as uniting the many bodily dimensions of health and its effects in interactions with the surrounding environment. A good childhood in a diverse society demands a generous and comprehensive understanding of normality. The group does research with, on and for children and young people.<\/p>\n<\/div>\n\n\n\n<div class=\"wp-block-column is-layout-flow wp-block-column-is-layout-flow\">\n<p><em>En tant que repr\u00e9sentante norv\u00e9gienne, Unni Karin Moksnes fait partie du <a href=\"https:\/\/www.ntnu.edu\/chpr\/center-for-health-promotion-research\" target=\"_blank\" rel=\"noreferrer noopener\">Centre NTNU de recherche sur la promotion de la sant\u00e9<\/a>, dont l&#8217;objectif est de contribuer \u00e0 une recherche de haute qualit\u00e9 et de fournir des programmes \u00e9ducatifs pour am\u00e9liorer la compr\u00e9hension des praticiens en mati\u00e8re de maintien et de d\u00e9veloppement de la sant\u00e9. L&#8217;activit\u00e9 principale du centre est la recherche fondamentale sur la promotion de la sant\u00e9 et la sant\u00e9 positive. L&#8217;apprentissage et le d\u00e9veloppement sont un domaine prioritaire au NTNU Center for Health Promotion Research. Les \u00e9tudiants en master et en doctorat collaborent avec les chercheurs pour \u00e9tudier les facteurs qui contribuent \u00e0 la sant\u00e9 et au bien-\u00eatre actuels et futurs des enfants et des adolescents.<\/em><\/p>\n\n\n\n<p><em>Unni Karin Moksnes fait \u00e9galement partie du groupe de recherche sur<a href=\"https:\/\/www.ntnu.edu\/ism\/childrens-health#\/view\/publications\" target=\"_blank\" rel=\"noreferrer noopener\"> la sant\u00e9 et le bien-\u00eatre des enfants et des jeunes<\/a>. Le groupe de recherche s&#8217;int\u00e9resse particuli\u00e8rement \u00e0 la pr\u00e9vention et \u00e0 la promotion de la sant\u00e9, ainsi qu&#8217;\u00e0 l&#8217;int\u00e9gration des nombreuses dimensions corporelles de la sant\u00e9 et de ses effets dans les interactions avec l&#8217;environnement. Une bonne enfance dans une soci\u00e9t\u00e9 diversifi\u00e9e exige une compr\u00e9hension g\u00e9n\u00e9reuse et compl\u00e8te de la normalit\u00e9. Le groupe effectue des recherches avec, sur et pour les enfants et les jeunes.<\/em><\/p>\n<\/div>\n\n\n\n<div class=\"wp-block-column is-layout-flow wp-block-column-is-layout-flow\">\n<figure class=\"wp-block-image size-full\"><img decoding=\"async\" width=\"256\" height=\"256\" data-src=\"https:\/\/unescochair-ghe.org\/wp-content\/uploads\/2022\/01\/Unni-Karin-Moksnes-edited.png\" alt=\"\" class=\"wp-image-4787 lazyload\" data-srcset=\"https:\/\/unescochair-ghe.org\/wp-content\/uploads\/2022\/01\/Unni-Karin-Moksnes-edited.png 256w, https:\/\/unescochair-ghe.org\/wp-content\/uploads\/2022\/01\/Unni-Karin-Moksnes-edited-150x150.png 150w, https:\/\/unescochair-ghe.org\/wp-content\/uploads\/2022\/01\/Unni-Karin-Moksnes-edited-12x12.png 12w\" data-sizes=\"(max-width: 256px) 100vw, 256px\" src=\"data:image\/svg+xml;base64,PHN2ZyB3aWR0aD0iMSIgaGVpZ2h0PSIxIiB4bWxucz0iaHR0cDovL3d3dy53My5vcmcvMjAwMC9zdmciPjwvc3ZnPg==\" style=\"--smush-placeholder-width: 256px; --smush-placeholder-aspect-ratio: 256\/256;\" \/><\/figure>\n<\/div>\n<\/div>","protected":false},"excerpt":{"rendered":"<p>National \/ Territorial Representative of the UNESCO Chair As a Norwegian representant, Unni Karin Moksnes, is part of the NTNU Center for health promotion research which aims to contribute to &hellip;<\/p>","protected":false},"author":3,"featured_media":0,"parent":4354,"menu_order":1,"comment_status":"closed","ping_status":"closed","template":"","meta":{"footnotes":"","_links_to":"","_links_to_target":""},"class_list":["post-4893","page","type-page","status-publish","hentry"],"_links":{"self":[{"href":"https:\/\/unescochair-ghe.org\/fa\/wp-json\/wp\/v2\/pages\/4893","targetHints":{"allow":["GET"]}}],"collection":[{"href":"https:\/\/unescochair-ghe.org\/fa\/wp-json\/wp\/v2\/pages"}],"about":[{"href":"https:\/\/unescochair-ghe.org\/fa\/wp-json\/wp\/v2\/types\/page"}],"author":[{"embeddable":true,"href":"https:\/\/unescochair-ghe.org\/fa\/wp-json\/wp\/v2\/users\/3"}],"replies":[{"embeddable":true,"href":"https:\/\/unescochair-ghe.org\/fa\/wp-json\/wp\/v2\/comments?post=4893"}],"version-history":[{"count":1,"href":"https:\/\/unescochair-ghe.org\/fa\/wp-json\/wp\/v2\/pages\/4893\/revisions"}],"predecessor-version":[{"id":4894,"href":"https:\/\/unescochair-ghe.org\/fa\/wp-json\/wp\/v2\/pages\/4893\/revisions\/4894"}],"up":[{"embeddable":true,"href":"https:\/\/unescochair-ghe.org\/fa\/wp-json\/wp\/v2\/pages\/4354"}],"wp:attachment":[{"href":"https:\/\/unescochair-ghe.org\/fa\/wp-json\/wp\/v2\/media?parent=4893"}],"curies":[{"name":"wp","href":"https:\/\/api.w.org\/{rel}","templated":true}]}}