{"id":4381,"date":"2021-08-17T17:32:22","date_gmt":"2021-08-17T15:32:22","guid":{"rendered":"https:\/\/unescochair-ghe.org\/?page_id=4381"},"modified":"2022-01-20T10:01:51","modified_gmt":"2022-01-20T09:01:51","slug":"new-caledonia","status":"publish","type":"page","link":"https:\/\/unescochair-ghe.org\/fa\/the-chairs-community\/national-representatives\/new-caledonia\/","title":{"rendered":"New Caledonia"},"content":{"rendered":"<h3 class=\"wp-block-heading\">UNESCO Chair Global Health &amp; Education in New Caledonia<\/h3>\n\n\n\n<div class=\"wp-block-columns is-layout-flex wp-container-core-columns-is-layout-9d6595d7 wp-block-columns-is-layout-flex\">\n<div class=\"wp-block-column is-layout-flow wp-block-column-is-layout-flow\" style=\"flex-basis:50%\">\n<p>In line with the objective of producing and sharing knowledge and contributing to social change in favour of the health of children and young people, the UNESCO Chair Global Health &amp; Education is a partner in the &#8220;R\u00e9ussir, \u00catre bien, \u00catre ensemble&#8221; (Rebee) programme. Rebee is a school health promotion project deployed in all primary schools in New Caledonia. It is supported by the government and all local actors involved in education and children&#8217;s health. The aim is to give the main local players the means to implement actions and practices that promote health in schools. It is a research-intervention scheme on the production of educational tools for primary school teachers.<\/p>\n\n\n\n<p><a href=\"https:\/\/covid19.rebee.chaireunesco-es.org\/\">More information (in French)<\/a><\/p>\n<\/div>\n\n\n\n<div class=\"wp-block-column is-layout-flow wp-block-column-is-layout-flow\" style=\"flex-basis:50%\">\n<p><em>Dans la continuit\u00e9 de l\u2019objectif de produire et partager et des savoirs et contribuer au changement social en faveur de la sant\u00e9 des enfants et des jeunes, la Chaire UNESCO EducationS &amp; Sant\u00e9 est partenaire du programme \u00ab R\u00e9ussir, \u00catre bien, \u00catre ensemble \u00bb (Rebee). Rebee est un projet de promotion de la sant\u00e9 \u00e0 l\u2019\u00e9cole d\u00e9ploy\u00e9 dans l\u2019ensemble des \u00e9tablissements du premier degr\u00e9 de Nouvelle-Cal\u00e9donie. Il est port\u00e9 par le gouvernement et l\u2019ensemble des acteurs locaux engag\u00e9s dans l\u2019\u00e9ducation et la sant\u00e9 des enfants. Il s\u2019agit de donner aux principaux acteurs locaux les moyens de mettre en \u0153uvre des actions et des pratiques promotrices de sant\u00e9 \u00e0 l\u2019\u00e9cole. Il s\u2019agit d\u2019un dispositif de recherche-intervention sur la production d\u2019outil p\u00e9dagogiques pour les enseignants de l\u2019\u00e9cole primaire.<\/em><\/p>\n\n\n\n<p><a href=\"https:\/\/covid19.rebee.chaireunesco-es.org\/\" target=\"_blank\" rel=\"noreferrer noopener\">Plus d&#8217;informations<\/a><\/p>\n<\/div>\n<\/div>\n\n\n\n<h3 class=\"wp-block-heading\">Core activities of the UNESCO Chair in New Caledonia<\/h3>\n\n\n\n<div class=\"wp-block-columns is-layout-flex wp-container-core-columns-is-layout-9d6595d7 wp-block-columns-is-layout-flex\">\n<div class=\"wp-block-column is-layout-flow wp-block-column-is-layout-flow\" style=\"flex-basis:50%\">\n<p>The core activities through the implementation of the &#8220;succeed, be well, be together&#8221; programme are:<\/p>\n\n\n\n<ul class=\"wp-block-list\" id=\"block-9fa9e0cc-0d83-4430-9947-6d1e98b309d3\"><li>The participation of teachers through a process of co-creation<\/li><li>Professional development of kindergarten teachers through health education<\/li><li>Evaluation of a school health promotion programme<\/li><li>Intersectoral collaboration between health and education<\/li><\/ul>\n<\/div>\n\n\n\n<div class=\"wp-block-column is-layout-flow wp-block-column-is-layout-flow\" style=\"flex-basis:50%\">\n<p><em>Les axes de travail \u00e0 travers l\u2019implantation du programme \u00ab r\u00e9ussir, \u00eatre bien, \u00eatre ensemble \u00bb sont&nbsp;:<\/em><\/p>\n\n\n\n<ul class=\"wp-block-list\" id=\"block-27fc38d0-832f-4da7-9456-532707922975\"><li><em>La participation des enseignants \u00e0 travers un processus de co-cr\u00e9ation<\/em><\/li><li><em>Le d\u00e9veloppement professionnel des enseignants de maternelle par l\u2019\u00e9ducation \u00e0 la sant\u00e9<\/em><\/li><li><em>L\u2019\u00e9valuation d\u2019un programme de promotion de la sant\u00e9 en milieu scolaire<\/em><\/li><li><em>Les collaborations intersectorielles sant\u00e9-\u00e9ducation<\/em><\/li><\/ul>\n<\/div>\n<\/div>\n\n\n\n<h3 class=\"wp-block-heading\">National \/ Territorial Representative of the UNESCO Chair<\/h3>\n\n\n\n<div class=\"wp-block-columns is-layout-flex wp-container-core-columns-is-layout-9d6595d7 wp-block-columns-is-layout-flex\">\n<div class=\"wp-block-column is-layout-flow wp-block-column-is-layout-flow\" style=\"flex-basis:66.66%\">\n<div class=\"wp-block-columns is-layout-flex wp-container-core-columns-is-layout-9d6595d7 wp-block-columns-is-layout-flex\">\n<div class=\"wp-block-column is-layout-flow wp-block-column-is-layout-flow\" style=\"flex-basis:50%\">\n<p>Carmella Fernandes Da Rocha- Puleoto is a nurse who holds a master&#8217;s degree in public health and health education for children, adolescents and young adults from the University of Clermont Auvergne. She is currently in charge of health promotion at the Vice-Rectorate of Noumea and is starting a thesis on intersectoral health-education collaborations around the &#8220;succeed, be well, be together&#8221; programme.<br>Her mission within the Chair is also to promote networks for sharing knowledge and practices in New Caledonia and the Pacific zone. She participates in exchanges and reflections with the national representatives of the Chair from different regions of the world.<\/p>\n<\/div>\n\n\n\n<div class=\"wp-block-column is-layout-flow wp-block-column-is-layout-flow\" style=\"flex-basis:50%\">\n<p><em>Carmella Fernandes Da Rocha- Puleoto est infirmi\u00e8re dipl\u00f4m\u00e9e du master sant\u00e9 publique parcours \u00e9ducation \u00e0 la sant\u00e9 des enfants, adolescents et jeunes adultes d\u00e9livr\u00e9 par l\u2019Universit\u00e9 Clermont Auvergne. Elle est actuellement charg\u00e9e de mission en promotion de la sant\u00e9 au vice-rectorat de Noum\u00e9a et entame une th\u00e8se sur les collaborations intersectorielles sant\u00e9-\u00e9ducation autour du programme \u00ab r\u00e9ussir, \u00eatre bien, \u00eatre ensemble \u00bb.<\/em><br><em>Sa mission au sein de la Chaire consiste \u00e9galement \u00e0 favoriser des r\u00e9seaux de partages de connaissances et de pratiques en Nouvelle-Cal\u00e9donie et la zone Pacifique. Elle participe aux \u00e9changes et r\u00e9flexions avec les repr\u00e9sentants nationaux de la Chaire des diff\u00e9rentes r\u00e9gions du monde.<\/em><\/p>\n<\/div>\n<\/div>\n<\/div>\n\n\n\n<div class=\"wp-block-column is-vertically-aligned-top is-layout-flow wp-block-column-is-layout-flow\" style=\"flex-basis:33.33%\">\n<figure class=\"wp-block-image size-large\"><img decoding=\"async\" width=\"481\" height=\"481\" data-src=\"https:\/\/unescochair-ghe.org\/wp-content\/uploads\/2021\/08\/Carmella-Fernandes-edited.jpg\" alt=\"\" class=\"wp-image-4364 lazyload\" data-srcset=\"https:\/\/unescochair-ghe.org\/wp-content\/uploads\/2021\/08\/Carmella-Fernandes-edited.jpg 481w, https:\/\/unescochair-ghe.org\/wp-content\/uploads\/2021\/08\/Carmella-Fernandes-edited-300x300.jpg 300w, https:\/\/unescochair-ghe.org\/wp-content\/uploads\/2021\/08\/Carmella-Fernandes-edited-150x150.jpg 150w, https:\/\/unescochair-ghe.org\/wp-content\/uploads\/2021\/08\/Carmella-Fernandes-edited-12x12.jpg 12w\" data-sizes=\"(max-width: 481px) 100vw, 481px\" src=\"data:image\/svg+xml;base64,PHN2ZyB3aWR0aD0iMSIgaGVpZ2h0PSIxIiB4bWxucz0iaHR0cDovL3d3dy53My5vcmcvMjAwMC9zdmciPjwvc3ZnPg==\" style=\"--smush-placeholder-width: 481px; --smush-placeholder-aspect-ratio: 481\/481;\" \/><\/figure>\n<\/div>\n<\/div>\n\n\n\n<h3 class=\"wp-block-heading\">The New Caledonia team<\/h3>\n\n\n\n<div class=\"wp-block-image\"><figure class=\"aligncenter size-large is-resized\"><img decoding=\"async\" data-src=\"https:\/\/unescochair-ghe.org\/wp-content\/uploads\/2021\/08\/Team-New-Caledonia-1024x597.jpg\" alt=\"\" class=\"wp-image-4378 lazyload\" width=\"768\" height=\"448\" data-srcset=\"https:\/\/unescochair-ghe.org\/wp-content\/uploads\/2021\/08\/Team-New-Caledonia-1024x597.jpg 1024w, https:\/\/unescochair-ghe.org\/wp-content\/uploads\/2021\/08\/Team-New-Caledonia-300x175.jpg 300w, https:\/\/unescochair-ghe.org\/wp-content\/uploads\/2021\/08\/Team-New-Caledonia-768x448.jpg 768w, https:\/\/unescochair-ghe.org\/wp-content\/uploads\/2021\/08\/Team-New-Caledonia-1536x895.jpg 1536w, https:\/\/unescochair-ghe.org\/wp-content\/uploads\/2021\/08\/Team-New-Caledonia-2048x1194.jpg 2048w, https:\/\/unescochair-ghe.org\/wp-content\/uploads\/2021\/08\/Team-New-Caledonia-18x10.jpg 18w, https:\/\/unescochair-ghe.org\/wp-content\/uploads\/2021\/08\/Team-New-Caledonia-373x217.jpg 373w, https:\/\/unescochair-ghe.org\/wp-content\/uploads\/2021\/08\/Team-New-Caledonia-512x300.jpg 512w\" data-sizes=\"(max-width: 768px) 100vw, 768px\" src=\"data:image\/svg+xml;base64,PHN2ZyB3aWR0aD0iMSIgaGVpZ2h0PSIxIiB4bWxucz0iaHR0cDovL3d3dy53My5vcmcvMjAwMC9zdmciPjwvc3ZnPg==\" style=\"--smush-placeholder-width: 768px; --smush-placeholder-aspect-ratio: 768\/448;\" \/><\/figure><\/div>\n\n\n\n<div class=\"wp-block-columns is-layout-flex wp-container-core-columns-is-layout-9d6595d7 wp-block-columns-is-layout-flex\">\n<div class=\"wp-block-column is-layout-flow wp-block-column-is-layout-flow\" style=\"flex-basis:100%\">\n<div class=\"wp-block-columns is-layout-flex wp-container-core-columns-is-layout-9d6595d7 wp-block-columns-is-layout-flex\">\n<div class=\"wp-block-column is-layout-flow wp-block-column-is-layout-flow\">\n<p><strong>Nathalie Dupeux<\/strong> is a pedagogical advisor at the New Caledonian Education Department where she is in charge of in-service teacher training. She is also in charge of health promotion at the vice-rectorate of Noum\u00e9a and her thesis work is on the professional development of kindergarten teachers in health education.<\/p>\n\n\n\n<p><strong>Nicolas Tessier<\/strong> is a project manager in charge of the digital network at the South Province Education Department and a pedagogical advisor. His thesis focuses on the evaluation of the &#8220;succeed, be well, be together&#8221; programme.<\/p>\n\n\n\n<p>Both are also ambassadors of a global approach to student health and health-promoting classroom practices within various local institutions.<\/p>\n<\/div>\n\n\n\n<div class=\"wp-block-column is-layout-flow wp-block-column-is-layout-flow\">\n<p><em><strong>Nathalie Dupeux<\/strong> est conseill\u00e8re p\u00e9dagogique \u00e0 la direction de l\u2019enseignement de la Nouvelle-Cal\u00e9donie o\u00f9 elle est en charge de la formation continue des enseignants. Elle est \u00e9galement charg\u00e9e de mission en promotion de la sant\u00e9 au vice-rectorat de Noum\u00e9a et son travail de th\u00e8se porte sur le d\u00e9veloppement professionnel des enseignants de maternelles en \u00e9ducation \u00e0 la sant\u00e9.<\/em><\/p>\n\n\n\n<p><em><strong>Nicolas Tessier<\/strong> est chef de projet en charge du r\u00e9seau num\u00e9rique \u00e0 la direction de l\u2019enseignement de la province Sud et conseiller p\u00e9dagogique. Sa th\u00e8se porte sur l\u2019\u00e9valuation du programme \u00ab r\u00e9ussir, \u00eatre bien, \u00eatre ensemble \u00bb.<\/em><\/p>\n\n\n\n<p><em>Tous deux sont \u00e9galement des ambassadeurs d\u2019une approche globale de la sant\u00e9 des \u00e9l\u00e8ves et de pratiques de classe promotrices de sant\u00e9 au sein de diff\u00e9rentes institutions locales.<\/em><\/p>\n<\/div>\n<\/div>\n<\/div>\n<\/div>","protected":false},"excerpt":{"rendered":"<p>UNESCO Chair Global Health &amp; Education in New Caledonia In line with the objective of producing and sharing knowledge and contributing to social change in favour of the health of &hellip;<\/p>","protected":false},"author":3,"featured_media":0,"parent":4354,"menu_order":0,"comment_status":"closed","ping_status":"closed","template":"","meta":{"footnotes":"","_links_to":"","_links_to_target":""},"class_list":["post-4381","page","type-page","status-publish","hentry"],"_links":{"self":[{"href":"https:\/\/unescochair-ghe.org\/fa\/wp-json\/wp\/v2\/pages\/4381","targetHints":{"allow":["GET"]}}],"collection":[{"href":"https:\/\/unescochair-ghe.org\/fa\/wp-json\/wp\/v2\/pages"}],"about":[{"href":"https:\/\/unescochair-ghe.org\/fa\/wp-json\/wp\/v2\/types\/page"}],"author":[{"embeddable":true,"href":"https:\/\/unescochair-ghe.org\/fa\/wp-json\/wp\/v2\/users\/3"}],"replies":[{"embeddable":true,"href":"https:\/\/unescochair-ghe.org\/fa\/wp-json\/wp\/v2\/comments?post=4381"}],"version-history":[{"count":5,"href":"https:\/\/unescochair-ghe.org\/fa\/wp-json\/wp\/v2\/pages\/4381\/revisions"}],"predecessor-version":[{"id":4563,"href":"https:\/\/unescochair-ghe.org\/fa\/wp-json\/wp\/v2\/pages\/4381\/revisions\/4563"}],"up":[{"embeddable":true,"href":"https:\/\/unescochair-ghe.org\/fa\/wp-json\/wp\/v2\/pages\/4354"}],"wp:attachment":[{"href":"https:\/\/unescochair-ghe.org\/fa\/wp-json\/wp\/v2\/media?parent=4381"}],"curies":[{"name":"wp","href":"https:\/\/api.w.org\/{rel}","templated":true}]}}